{"id":40,"date":"2024-02-14T20:26:19","date_gmt":"2024-02-14T19:26:19","guid":{"rendered":"http:\/\/aahestia.com\/?page_id=40"},"modified":"2024-02-15T16:19:32","modified_gmt":"2024-02-15T15:19:32","slug":"contact","status":"publish","type":"page","link":"https:\/\/aahestia.com\/index.php\/contact\/","title":{"rendered":"CONTACT"},"content":{"rendered":"\n<p><\/p>\n\n\n\n<p><\/p>\n\n\n\n<div class=\"wp-block-group\"><div class=\"wp-block-group__inner-container is-layout-constrained wp-block-group-is-layout-constrained\">\n<p class=\"has-medium-font-size\">Atelier d&rsquo;Architecture Hestia<\/p>\n\n\n\n<p class=\"has-medium-font-size\">H\u00e9lo\u00efse Frangin<\/p>\n\n\n\n<p class=\"has-medium-font-size\">221 rue de l&rsquo;\u00e9peron 34400 LUNEL<\/p>\n\n\n\n<p class=\"has-medium-font-size\">hestia.architecture@gmail.com<\/p>\n\n\n\n<p class=\"has-medium-font-size\">06 69 47 37 61<\/p>\n<\/div><\/div>\n\n\n\n<p><\/p>\n\n\n\n<hr class=\"wp-block-separator has-alpha-channel-opacity\"\/>\n","protected":false},"excerpt":{"rendered":"<p>Atelier d&rsquo;Architecture Hestia H\u00e9lo\u00efse Frangin 221 rue de l&rsquo;\u00e9peron 34400 LUNEL hestia.architecture@gmail.com 06 69 47 37 61<\/p>\n","protected":false},"author":1,"featured_media":0,"parent":0,"menu_order":0,"comment_status":"closed","ping_status":"closed","template":"page-templates\/no-sidebar.php","meta":{"footnotes":""},"class_list":["post-40","page","type-page","status-publish","hentry"],"_links":{"self":[{"href":"https:\/\/aahestia.com\/index.php\/wp-json\/wp\/v2\/pages\/40","targetHints":{"allow":["GET"]}}],"collection":[{"href":"https:\/\/aahestia.com\/index.php\/wp-json\/wp\/v2\/pages"}],"about":[{"href":"https:\/\/aahestia.com\/index.php\/wp-json\/wp\/v2\/types\/page"}],"author":[{"embeddable":true,"href":"https:\/\/aahestia.com\/index.php\/wp-json\/wp\/v2\/users\/1"}],"replies":[{"embeddable":true,"href":"https:\/\/aahestia.com\/index.php\/wp-json\/wp\/v2\/comments?post=40"}],"version-history":[{"count":5,"href":"https:\/\/aahestia.com\/index.php\/wp-json\/wp\/v2\/pages\/40\/revisions"}],"predecessor-version":[{"id":242,"href":"https:\/\/aahestia.com\/index.php\/wp-json\/wp\/v2\/pages\/40\/revisions\/242"}],"wp:attachment":[{"href":"https:\/\/aahestia.com\/index.php\/wp-json\/wp\/v2\/media?parent=40"}],"curies":[{"name":"wp","href":"https:\/\/api.w.org\/{rel}","templated":true}]}}