{"id":315,"date":"2025-09-23T17:04:44","date_gmt":"2025-09-23T15:04:44","guid":{"rendered":"https:\/\/aahestia.com\/?page_id=315"},"modified":"2025-09-28T18:34:26","modified_gmt":"2025-09-28T16:34:26","slug":"logement-individuel","status":"publish","type":"page","link":"https:\/\/aahestia.com\/index.php\/projets-1\/projets-architecturaux\/logement-individuel\/","title":{"rendered":"LOGEMENTS"},"content":{"rendered":"\n<!-- ========= CONTENEUR GRILLE (UN SEUL) ========= -->\n<div class=\"galeries\">\n\n  <!-- GALERIE 1 -->\n  <div class=\"galerie-container\">\n    <div class=\"image-principale\">\n      <h3>R\u00e9novation d&rsquo;une maison de ville en p\u00e9rim\u00e8tre prot\u00e9g\u00e9<br>\u00e0 Lunel-Viel (34)<\/h3>\n      <div class=\"image-hover\">\n        <img decoding=\"async\" src=\"http:\/\/aahestia.com\/wp-content\/uploads\/2024\/02\/20230727_092214-1024x768.jpg\" alt=\"\" onclick=\"ouvrirGalerie1(0)\">\n        <div class=\"hover-text\">Mission compl\u00e8te<br>MO priv\u00e9<br>Livraison 2023<\/div>\n      <\/div>\n    <\/div>\n  <\/div>\n\n<!-- ========= LIGHTBOX EN DEHORS DU CONTENEUR (un par galerie) ========= -->\n<div id=\"lightbox1\" class=\"lightbox\"><span class=\"fermer\" onclick=\"fermerGalerie1()\">&times;<\/span><span class=\"prev\" onclick=\"changerImage1(-1)\">&#10094;<\/span><span class=\"next\" onclick=\"changerImage1(1)\">&#10095;<\/span><img decoding=\"async\" id=\"imageLightbox1\" src=\"\"><\/div>\n<div id=\"lightbox2\" class=\"lightbox\"><span class=\"fermer\" onclick=\"fermerGalerie2()\">&times;<\/span><span class=\"prev\" onclick=\"changerImage2(-1)\">&#10094;<\/span><span class=\"next\" onclick=\"changerImage2(1)\">&#10095;<\/span><img decoding=\"async\" id=\"imageLightbox2\" src=\"\"><\/div>\n<div id=\"lightbox3\" class=\"lightbox\"><span class=\"fermer\" onclick=\"fermerGalerie3()\">&times;<\/span><span class=\"prev\" onclick=\"changerImage3(-1)\">&#10094;<\/span><span class=\"next\" onclick=\"changerImage3(1)\">&#10095;<\/span><img decoding=\"async\" id=\"imageLightbox3\" src=\"\"><\/div>\n<div id=\"lightbox4\" class=\"lightbox\"><span class=\"fermer\" onclick=\"fermerGalerie4()\">&times;<\/span><span class=\"prev\" onclick=\"changerImage4(-1)\">&#10094;<\/span><span class=\"next\" onclick=\"changerImage4(1)\">&#10095;<\/span><img decoding=\"async\" id=\"imageLightbox4\" src=\"\"><\/div>\n<div id=\"lightbox5\" class=\"lightbox\"><span class=\"fermer\" onclick=\"fermerGalerie5()\">&times;<\/span><span class=\"prev\" onclick=\"changerImage5(-1)\">&#10094;<\/span><span class=\"next\" onclick=\"changerImage5(1)\">&#10095;<\/span><img decoding=\"async\" id=\"imageLightbox5\" src=\"\"><\/div>\n<div id=\"lightbox6\" class=\"lightbox\"><span class=\"fermer\" onclick=\"fermerGalerie6()\">&times;<\/span><span class=\"prev\" onclick=\"changerImage6(-1)\">&#10094;<\/span><span class=\"next\" onclick=\"changerImage6(1)\">&#10095;<\/span><img decoding=\"async\" id=\"imageLightbox6\" src=\"\"><\/div>\n<div id=\"lightbox7\" class=\"lightbox\"><span class=\"fermer\" onclick=\"fermerGalerie7()\">&times;<\/span><span class=\"prev\" onclick=\"changerImage7(-1)\">&#10094;<\/span><span class=\"next\" onclick=\"changerImage7(1)\">&#10095;<\/span><img decoding=\"async\" id=\"imageLightbox7\" src=\"\"><\/div>\n\n  <!-- GALERIE 2 -->\n  <div class=\"galerie-container\">\n    <div class=\"image-principale\">\n      <h3>R\u00e9novation d&rsquo;une maison de ville en p\u00e9rim\u00e8tre prot\u00e9g\u00e9<br>\u00e0 Montpellier (34)<\/h3>\n      <div class=\"image-hover\">\n        <img decoding=\"async\" src=\"http:\/\/aahestia.com\/wp-content\/uploads\/2025\/09\/FACADE-PORTILLON-scaled.jpg\" alt=\"\" onclick=\"ouvrirGalerie2(0)\">\n        <div class=\"hover-text\">Mission compl\u00e8te<br>MO priv\u00e9<br>Livraison 2015<\/div>\n      <\/div>\n    <\/div>\n  <\/div>\n\n  <!-- GALERIE 3 -->\n  <div class=\"galerie-container\">\n    <div class=\"image-principale\">\n      <h3>R\u00e9novation d&rsquo;une maison de ville en p\u00e9rim\u00e8tre prot\u00e9g\u00e9<br>\u00e0 Roussillon (38)<\/h3>\n      <div class=\"image-hover\">\n        <img decoding=\"async\" src=\"http:\/\/aahestia.com\/wp-content\/uploads\/2024\/02\/ROUSSILLON3-4.jpg\" alt=\"\" onclick=\"ouvrirGalerie3(0)\">\n        <div class=\"hover-text\">Mission compl\u00e8te<br>MO priv\u00e9<br>Livraison 2014<\/div>\n      <\/div>\n    <\/div>\n  <\/div>\n\n  <!-- GALERIE 4 -->\n  <div class=\"galerie-container\">\n    <div class=\"image-principale\">\n      <h3>R\u00e9novation d&rsquo;une maison<br>\u00e0 Montpellier (34)<\/h3>\n      <div class=\"image-hover\">\n        <img decoding=\"async\" src=\"http:\/\/aahestia.com\/wp-content\/uploads\/2025\/09\/5-20230503_102400-scaled-e1758988301612.jpg\" alt=\"\" onclick=\"ouvrirGalerie4(0)\">\n        <div class=\"hover-text\">Mission PC<br>MO priv\u00e9<br>Livraison 2023<\/div>\n      <\/div>\n    <\/div>\n  <\/div>\n\n  <!-- GALERIE 5 -->\n  <div class=\"galerie-container\">\n    <div class=\"image-principale\">\n      <h3>Transformation d&rsquo;un local de bureau en deux logements locatifs en p\u00e9rim\u00e8tre prot\u00e9g\u00e9<br>\u00e0 Lunel (34) \u2014 bureaux \u2192 logements<\/h3>\n      <div class=\"image-hover\">\n        <img decoding=\"async\" src=\"http:\/\/aahestia.com\/wp-content\/uploads\/2025\/09\/20220111_141907-scaled.jpg\" alt=\"\" onclick=\"ouvrirGalerie5(0)\">\n        <div class=\"hover-text\">Mission compl\u00e8te<br>MO priv\u00e9<br>Livraison nov 2022<\/div>\n      <\/div>\n    <\/div>\n  <\/div>\n\n  <!-- GALERIE 6 -->\n  <div class=\"galerie-container\">\n    <div class=\"image-principale\">\n      <h3>R\u00e9novation d&rsquo;une maison<br>\u00e0 Lunel (34)<\/h3>\n      <div class=\"image-hover\">\n        <img decoding=\"async\" src=\"http:\/\/aahestia.com\/wp-content\/uploads\/2025\/09\/20250928_1649441.jpg\" alt=\"\" onclick=\"ouvrirGalerie6(0)\">\n        <div class=\"hover-text\">Mission compl\u00e8te<br>MO priv\u00e9<br>Livraison 2024<\/div>\n      <\/div>\n    <\/div>\n  <\/div>\n\n  <!-- GALERIE 7 -->\n  <div class=\"galerie-container\">\n    <div class=\"image-principale\">\n      <h3>R\u00e9novation d&rsquo;un immeuble en p\u00e9rim\u00e8tre prot\u00e9g\u00e9 <br>\u00e0 Lunel (34)<\/h3>\n      <div class=\"image-hover\">\n        <img decoding=\"async\" src=\"http:\/\/aahestia.com\/wp-content\/uploads\/2025\/09\/L1260343-scaled.jpg\" alt=\"\" onclick=\"ouvrirGalerie7(0)\">\n        <div class=\"hover-text\">Mission compl\u00e8te<br>MO priv\u00e9<br>Livraison mars 2022<\/div>\n      <\/div>\n    <\/div>\n  <\/div>\n\n<\/div> <!-- \/galeries -->\n\n\n\n<style>\nbody{font-family:Arial,sans-serif}\n.galeries{display:grid;grid-template-columns:repeat(auto-fit,minmax(280px,1fr));gap:30px;align-items:start}\n.galerie-container{text-align:center}\n.image-principale{display:flex;flex-direction:column;align-items:center;gap:10px}\n.image-principale h3{font-size:18px;font-weight:400;max-width:300px;text-align:center;margin:0}\n.image-hover{position:relative;display:inline-block}\n.image-hover img{display:block;max-width:300px;border:2px solid #ccc;border-radius:8px;cursor:pointer}\n.hover-text{position:absolute;bottom:10px;left:50%;transform:translateX(-50%);background:rgba(255,255,255,.9);color:#000;padding:10px 15px;font-size:16px;border-radius:8px;opacity:0;transition:opacity .3s ease;text-align:center;min-width:200px;max-width:250px;box-shadow:0 2px 6px rgba(0,0,0,.3)}\n.image-hover:hover .hover-text{opacity:1}\n.lightbox{display:none;position:fixed;z-index:9999;inset:0;background:#fff;text-align:center}\n.lightbox img{max-width:80%;max-height:80%;margin-top:5%}\n.fermer{position:absolute;top:20px;right:35px;color:#090909;font-size:40px;font-weight:bold;cursor:pointer}\n.prev,.next{position:absolute;top:50%;color:#090909;font-size:50px;cursor:pointer;user-select:none;padding:10px}\n.prev{left:10%}.next{right:10%}\n<\/style>\n\n\n\n<script>\n\/* G1 *\/\nconst imagesGalerie1 = [\n  \"http:\/\/aahestia.com\/wp-content\/uploads\/2025\/09\/20211221_112420-scaled.jpg\",\n  \"http:\/\/aahestia.com\/wp-content\/uploads\/2025\/09\/20230725_183627-scaled.jpg\",\n  \"http:\/\/aahestia.com\/wp-content\/uploads\/2025\/09\/20230725_183731-scaled.jpg\",\n  \"http:\/\/aahestia.com\/wp-content\/uploads\/2025\/09\/20211221_110617-scaled.jpg\",\n  \"http:\/\/aahestia.com\/wp-content\/uploads\/2025\/09\/20230526_111730-scaled.jpg\",\n  \"http:\/\/aahestia.com\/wp-content\/uploads\/2025\/09\/20230727_093902-scaled.jpg\",\n  \"http:\/\/aahestia.com\/wp-content\/uploads\/2025\/09\/20211221_105015-scaled.jpg\",\n  \"http:\/\/aahestia.com\/wp-content\/uploads\/2025\/09\/20230526_111943-scaled.jpg\",\n  \"http:\/\/aahestia.com\/wp-content\/uploads\/2025\/09\/20230727_093540-scaled.jpg\",\n  \"http:\/\/aahestia.com\/wp-content\/uploads\/2025\/09\/20211221_105525-scaled.jpg\",\n  \"http:\/\/aahestia.com\/wp-content\/uploads\/2025\/09\/20230609_104529-scaled.jpg\",\n  \"http:\/\/aahestia.com\/wp-content\/uploads\/2025\/09\/20230727_093733-scaled.jpg\",\n  \"http:\/\/aahestia.com\/wp-content\/uploads\/2025\/09\/20211221_105412-scaled.jpg\",\n  \"http:\/\/aahestia.com\/wp-content\/uploads\/2025\/09\/20230727_093522-scaled.jpg\",\n  \"http:\/\/aahestia.com\/wp-content\/uploads\/2025\/09\/20211221_105231-1-scaled.jpg\",\n  \"http:\/\/aahestia.com\/wp-content\/uploads\/2025\/09\/20230726_125146-scaled.jpg\"\n];\nlet indexActuel1=0;\nfunction ouvrirGalerie1(i){indexActuel1=i;document.getElementById(\"lightbox1\").style.display=\"block\";document.getElementById(\"imageLightbox1\").src=imagesGalerie1[indexActuel1];}\nfunction fermerGalerie1(){document.getElementById(\"lightbox1\").style.display=\"none\";}\nfunction changerImage1(d){indexActuel1+=d;if(indexActuel1<0)indexActuel1=imagesGalerie1.length-1;if(indexActuel1>=imagesGalerie1.length)indexActuel1=0;document.getElementById(\"imageLightbox1\").src=imagesGalerie1[indexActuel1];}\n\n\/* G2 *\/\nconst imagesGalerie2 = [\n  \"http:\/\/aahestia.com\/wp-content\/uploads\/2024\/02\/FACADE-AVANT-768x1024.jpg\",\n  \"https:\/\/aahestia.com\/wp-content\/uploads\/2025\/09\/FACADE-AVANT-EXISTANT-768x1024.jpg\",\n  \"https:\/\/aahestia.com\/wp-content\/uploads\/2025\/09\/MERCIER-TOITURE-MONTPELLIER-1-1024x768.jpg\",\n  \"https:\/\/aahestia.com\/wp-content\/uploads\/2025\/09\/MERCIER-TOITURE-MONTPELLIER-2-788x1024.jpg\",\n  \"https:\/\/aahestia.com\/wp-content\/uploads\/2025\/09\/MERCIER-TOITURE-MONTPELLIER-3-768x1024.jpg\",\n  \"https:\/\/aahestia.com\/wp-content\/uploads\/2025\/09\/MERCIER-TOITURE-MONTPELLIER-4-768x1024.jpg\",\n  \"http:\/\/aahestia.com\/wp-content\/uploads\/2025\/09\/MERCIER-TOITURE-MONTPELLIER-5-1024x768.jpg\",\n  \"https:\/\/aahestia.com\/wp-content\/uploads\/2025\/09\/MERCIER-TOITURE-MONTPELLIER-7-1024x768.jpg\",\n  \"https:\/\/aahestia.com\/wp-content\/uploads\/2025\/09\/MERCIER-TOITURE-MONTPELLIER-7-1024x768.jpg\",\n  \"https:\/\/aahestia.com\/wp-content\/uploads\/2025\/09\/MERCIER-TOITURE-MONTPELLIER-8-1-768x1024.jpg\",\n  \"https:\/\/aahestia.com\/wp-content\/uploads\/2025\/09\/MERCIER-TOITURE-MONTPELLIER-12-768x1024.jpg\",\n  \"https:\/\/aahestia.com\/wp-content\/uploads\/2025\/09\/MERCIER-TOITURE-MONTPELLIER-11-768x1024.jpg\"\n];\nlet indexActuel2=0;\nfunction ouvrirGalerie2(i){indexActuel2=i;document.getElementById(\"lightbox2\").style.display=\"block\";document.getElementById(\"imageLightbox2\").src=imagesGalerie2[indexActuel2];}\nfunction fermerGalerie2(){document.getElementById(\"lightbox2\").style.display=\"none\";}\nfunction changerImage2(d){indexActuel2+=d;if(indexActuel2<0)indexActuel2=imagesGalerie2.length-1;if(indexActuel2>=imagesGalerie2.length)indexActuel2=0;document.getElementById(\"imageLightbox2\").src=imagesGalerie2[indexActuel2];}\n\n\/* G3 *\/\nconst imagesGalerie3 = [\n  \"http:\/\/aahestia.com\/wp-content\/uploads\/2024\/02\/ROUSSILLON3-4.jpg\",\n  \"http:\/\/aahestia.com\/wp-content\/uploads\/2024\/02\/ROUSSILLON1-1-1024x768.jpg\",\n  \"http:\/\/aahestia.com\/wp-content\/uploads\/2024\/02\/ROUSSILLON2-2-1024x768.jpg\",\n  \"http:\/\/aahestia.com\/wp-content\/uploads\/2024\/02\/ROUSSILLON4-2-1024x768.jpg\",\n  \"http:\/\/aahestia.com\/wp-content\/uploads\/2024\/02\/ROUSSILLON5-2-1024x768.jpg\",\n  \"http:\/\/aahestia.com\/wp-content\/uploads\/2024\/02\/ROUSSILLON6-1-1024x768.jpg\",\n  \"http:\/\/aahestia.com\/wp-content\/uploads\/2024\/02\/ROUSSILLON-10-2-768x1024.jpg\",\n  \"http:\/\/aahestia.com\/wp-content\/uploads\/2024\/02\/ROUSSILLON8-2-768x1024.jpg\",\n  \"http:\/\/aahestia.com\/wp-content\/uploads\/2024\/02\/ROUSSILLON7-1-751x1024.jpg\",\n  \"http:\/\/aahestia.com\/wp-content\/uploads\/2024\/02\/ROUSSILLON-11-2-387x1024.jpg\",\n  \"http:\/\/aahestia.com\/wp-content\/uploads\/2024\/02\/ROUSSILLON-12-2-768x1024.jpg\"\n];\nlet indexActuel3=0;\nfunction ouvrirGalerie3(i){indexActuel3=i;document.getElementById(\"lightbox3\").style.display=\"block\";document.getElementById(\"imageLightbox3\").src=imagesGalerie3[indexActuel3];}\nfunction fermerGalerie3(){document.getElementById(\"lightbox3\").style.display=\"none\";}\nfunction changerImage3(d){indexActuel3+=d;if(indexActuel3<0)indexActuel3=imagesGalerie3.length-1;if(indexActuel3>=imagesGalerie3.length)indexActuel3=0;document.getElementById(\"imageLightbox3\").src=imagesGalerie3[indexActuel3];}\n\n\/* G4 *\/\nconst imagesGalerie4 = [\n  \"http:\/\/aahestia.com\/wp-content\/uploads\/2025\/09\/1-20220307_150935-scaled.jpg\",\n  \"http:\/\/aahestia.com\/wp-content\/uploads\/2025\/09\/20230503_102417-scaled.jpg\",\n  \"http:\/\/aahestia.com\/wp-content\/uploads\/2025\/09\/2-20220307_164149-scaled.jpg\",\n  \"http:\/\/aahestia.com\/wp-content\/uploads\/2025\/09\/20230503_104119-scaled.jpg\",\n  \"http:\/\/aahestia.com\/wp-content\/uploads\/2025\/09\/4-20220307_150541-scaled.jpg\",\n  \"http:\/\/aahestia.com\/wp-content\/uploads\/2025\/09\/6-20230503_102231-scaled.jpg\",\n  \"http:\/\/aahestia.com\/wp-content\/uploads\/2025\/09\/7-20230503_105417-scaled.jpg\",\n  \"http:\/\/aahestia.com\/wp-content\/uploads\/2025\/09\/8-20230503_102050-scaled.jpg\"\n];\nlet indexActuel4=0;\nfunction ouvrirGalerie4(i){indexActuel4=i;document.getElementById(\"lightbox4\").style.display=\"block\";document.getElementById(\"imageLightbox4\").src=imagesGalerie4[indexActuel4];}\nfunction fermerGalerie4(){document.getElementById(\"lightbox4\").style.display=\"none\";}\nfunction changerImage4(d){indexActuel4+=d;if(indexActuel4<0)indexActuel4=imagesGalerie4.length-1;if(indexActuel4>=imagesGalerie4.length)indexActuel4=0;document.getElementById(\"imageLightbox4\").src=imagesGalerie4[indexActuel4];}\n\n\/* G5 *\/\nconst imagesGalerie5 = [\n  \"http:\/\/aahestia.com\/wp-content\/uploads\/2025\/09\/20220111_142235-scaled.jpg\",\n  \"http:\/\/aahestia.com\/wp-content\/uploads\/2025\/09\/20211119_115438-scaled.jpg\",\n  \"http:\/\/aahestia.com\/wp-content\/uploads\/2025\/09\/20211118_152902-scaled.jpg\",\n  \"http:\/\/aahestia.com\/wp-content\/uploads\/2025\/09\/20211118_151314-scaled.jpg\",\n  \"http:\/\/aahestia.com\/wp-content\/uploads\/2025\/09\/20211118_140520-scaled.jpg\",\n  \"http:\/\/aahestia.com\/wp-content\/uploads\/2025\/09\/20211119_111411-scaled.jpg\",\n  \"http:\/\/aahestia.com\/wp-content\/uploads\/2025\/09\/IMG_11861.jpg\",\n  \"http:\/\/aahestia.com\/wp-content\/uploads\/2025\/09\/IMG_11811.jpg\",\n  \"http:\/\/aahestia.com\/wp-content\/uploads\/2025\/09\/20220621_091214-scaled.jpg\",\n  \"http:\/\/aahestia.com\/wp-content\/uploads\/2025\/09\/20220621_093212-scaled.jpg\",\n  \"http:\/\/aahestia.com\/wp-content\/uploads\/2025\/09\/20220621_093234-scaled.jpg\",\n  \"http:\/\/aahestia.com\/wp-content\/uploads\/2025\/09\/20221027_095442-scaled.jpg\",\n  \"http:\/\/aahestia.com\/wp-content\/uploads\/2025\/09\/20221027_101239-scaled.jpg\",\n  \"http:\/\/aahestia.com\/wp-content\/uploads\/2025\/09\/20221027_095939-scaled.jpg\",\n  \"http:\/\/aahestia.com\/wp-content\/uploads\/2025\/09\/20221027_100924-scaled.jpg\",\n  \"http:\/\/aahestia.com\/wp-content\/uploads\/2025\/09\/20221027_100943-scaled.jpg\",\n  \"http:\/\/aahestia.com\/wp-content\/uploads\/2025\/09\/20221027_095502-scaled.jpg\",\n  \"http:\/\/aahestia.com\/wp-content\/uploads\/2025\/09\/20221027_103314-scaled.jpg\",\n  \"http:\/\/aahestia.com\/wp-content\/uploads\/2025\/09\/20221027_103357-scaled.jpg\",\n  \"http:\/\/aahestia.com\/wp-content\/uploads\/2025\/09\/20221027_103554-scaled.jpg\",\n  \"http:\/\/aahestia.com\/wp-content\/uploads\/2025\/09\/20221027_103651-scaled.jpg\"\n];\nlet indexActuel5=0;\nfunction ouvrirGalerie5(i){indexActuel5=i;document.getElementById(\"lightbox5\").style.display=\"block\";document.getElementById(\"imageLightbox5\").src=imagesGalerie5[indexActuel5];}\nfunction fermerGalerie5(){document.getElementById(\"lightbox5\").style.display=\"none\";}\nfunction changerImage5(d){indexActuel5+=d;if(indexActuel5<0)indexActuel5=imagesGalerie5.length-1;if(indexActuel5>=imagesGalerie5.length)indexActuel5=0;document.getElementById(\"imageLightbox5\").src=imagesGalerie5[indexActuel5];}\n\n\/* G6 *\/\nconst imagesGalerie6 = [\n  \"http:\/\/aahestia.com\/wp-content\/uploads\/2025\/09\/20230322_145817-scaled.jpg\",\n  \"http:\/\/aahestia.com\/wp-content\/uploads\/2025\/09\/20230322_145826-scaled.jpg\",\n  \"http:\/\/aahestia.com\/wp-content\/uploads\/2025\/09\/20230322_142040-scaled.jpg\",\n  \"http:\/\/aahestia.com\/wp-content\/uploads\/2025\/09\/20230322_141948-scaled.jpg\",\n  \"http:\/\/aahestia.com\/wp-content\/uploads\/2025\/09\/20230322_141940-scaled.jpg\",\n  \"http:\/\/aahestia.com\/wp-content\/uploads\/2025\/09\/20230322_142007-scaled.jpg\",\n  \"http:\/\/aahestia.com\/wp-content\/uploads\/2025\/09\/20230322_152357-scaled.jpg\",\n  \"http:\/\/aahestia.com\/wp-content\/uploads\/2025\/09\/20230831_172931-scaled.jpg\",\n  \"http:\/\/aahestia.com\/wp-content\/uploads\/2025\/09\/20230831_172922-scaled.jpg\",\n  \"http:\/\/aahestia.com\/wp-content\/uploads\/2025\/09\/20230831_172917-scaled.jpg\",\n  \"http:\/\/aahestia.com\/wp-content\/uploads\/2025\/09\/20230901_162402-scaled.jpg\",\n  \"http:\/\/aahestia.com\/wp-content\/uploads\/2025\/09\/20230901_162346-scaled.jpg\",\n  \"http:\/\/aahestia.com\/wp-content\/uploads\/2025\/09\/20230901_162359-scaled.jpg\",\n  \"http:\/\/aahestia.com\/wp-content\/uploads\/2025\/09\/20231013_094128-scaled.jpg\", \n  \"http:\/\/aahestia.com\/wp-content\/uploads\/2025\/09\/20231013_094135-scaled.jpg\",\n  \"http:\/\/aahestia.com\/wp-content\/uploads\/2025\/09\/20231018_131356-scaled.jpg\",\n  \"http:\/\/aahestia.com\/wp-content\/uploads\/2025\/09\/20231018_131453-scaled.jpg\",\n  \"http:\/\/aahestia.com\/wp-content\/uploads\/2025\/09\/20231021_155926-scaled.jpg\",\n  \"http:\/\/aahestia.com\/wp-content\/uploads\/2025\/09\/20231021_155948-scaled.jpg\",\n  \"http:\/\/aahestia.com\/wp-content\/uploads\/2025\/09\/20250928_093649-scaled.jpg\",\n  \"http:\/\/aahestia.com\/wp-content\/uploads\/2025\/09\/20250928_094020-scaled.jpg\",\n  \"http:\/\/aahestia.com\/wp-content\/uploads\/2025\/09\/20250928_094049-scaled.jpg\",\n  \"http:\/\/aahestia.com\/wp-content\/uploads\/2025\/09\/20250928_131522-scaled.jpg\",\n  \"http:\/\/aahestia.com\/wp-content\/uploads\/2025\/09\/20250928_124717-scaled.jpg\",\n  \"http:\/\/aahestia.com\/wp-content\/uploads\/2025\/09\/20250928_131624-scaled.jpg\",\n  \"http:\/\/aahestia.com\/wp-content\/uploads\/2025\/09\/20250928_131614-scaled.jpg\",\n  \"http:\/\/aahestia.com\/wp-content\/uploads\/2025\/09\/20250928_095413-scaled.jpg\",\n  \"http:\/\/aahestia.com\/wp-content\/uploads\/2025\/09\/20250928_133835-scaled.jpg\",\n  \"http:\/\/aahestia.com\/wp-content\/uploads\/2025\/09\/20250928_133757-scaled.jpg\"  \n\n];\nlet indexActuel6=0;\nfunction ouvrirGalerie6(i){indexActuel6=i;document.getElementById(\"lightbox6\").style.display=\"block\";document.getElementById(\"imageLightbox6\").src=imagesGalerie6[indexActuel6];}\nfunction fermerGalerie6(){document.getElementById(\"lightbox6\").style.display=\"none\";}\nfunction changerImage6(d){indexActuel6+=d;if(indexActuel6<0)indexActuel6=imagesGalerie6.length-1;if(indexActuel6>=imagesGalerie6.length)indexActuel6=0;document.getElementById(\"imageLightbox6\").src=imagesGalerie6[indexActuel6];}\n\n\/* G7  *\/\nconst imagesGalerie7 = [\n  \"http:\/\/aahestia.com\/wp-content\/uploads\/2025\/09\/20220420_175346-scaled.jpg\",\n  \"http:\/\/aahestia.com\/wp-content\/uploads\/2025\/09\/20220420_175245-scaled.jpg\",\n  \"http:\/\/aahestia.com\/wp-content\/uploads\/2025\/09\/20220420_173627-scaled.jpg\",\n  \"http:\/\/aahestia.com\/wp-content\/uploads\/2025\/09\/20220420_174224-scaled.jpg\",\n  \"http:\/\/aahestia.com\/wp-content\/uploads\/2025\/09\/L1260197-scaled.jpg\",\n  \"http:\/\/aahestia.com\/wp-content\/uploads\/2025\/09\/L1260195-scaled.jpg\",\n  \"http:\/\/aahestia.com\/wp-content\/uploads\/2025\/09\/L1260200-scaled.jpg\",\n  \"http:\/\/aahestia.com\/wp-content\/uploads\/2025\/09\/L1260202-scaled.jpg\",\n  \"http:\/\/aahestia.com\/wp-content\/uploads\/2025\/09\/L1260206-scaled.jpg\",\n  \"http:\/\/aahestia.com\/wp-content\/uploads\/2025\/09\/L1260228-scaled.jpg\",\n  \"http:\/\/aahestia.com\/wp-content\/uploads\/2025\/09\/L1260258-scaled.jpg\",\n  \"http:\/\/aahestia.com\/wp-content\/uploads\/2025\/09\/L1260261-scaled.jpg\",\n  \"http:\/\/aahestia.com\/wp-content\/uploads\/2025\/09\/L1260249-scaled.jpg\",\n  \"http:\/\/aahestia.com\/wp-content\/uploads\/2025\/09\/L1260248-scaled.jpg\",\n  \"http:\/\/aahestia.com\/wp-content\/uploads\/2025\/09\/20210415_101023-scaled.jpg\",\n  \"http:\/\/aahestia.com\/wp-content\/uploads\/2025\/09\/20210415_101019-scaled.jpg\",\n  \"http:\/\/aahestia.com\/wp-content\/uploads\/2025\/09\/20210415_101039-scaled.jpg\",\n  \"http:\/\/aahestia.com\/wp-content\/uploads\/2025\/09\/20220629_112807-scaled.jpg\",\n  \"http:\/\/aahestia.com\/wp-content\/uploads\/2025\/09\/20220629_112842-scaled.jpg\",\n  \"http:\/\/aahestia.com\/wp-content\/uploads\/2025\/09\/20220629_113344-scaled.jpg\",\n  \"http:\/\/aahestia.com\/wp-content\/uploads\/2025\/09\/20220629_113552-scaled.jpg\",\n  \"http:\/\/aahestia.com\/wp-content\/uploads\/2025\/09\/20220718_152720-scaled.jpg\",\n  \"http:\/\/aahestia.com\/wp-content\/uploads\/2025\/09\/20220725_085749-scaled.jpg\",\n  \"http:\/\/aahestia.com\/wp-content\/uploads\/2025\/09\/20220718_152557-scaled.jpg\",\n  \"http:\/\/aahestia.com\/wp-content\/uploads\/2025\/09\/20220725_080651-scaled.jpg\",\n  \"http:\/\/aahestia.com\/wp-content\/uploads\/2025\/09\/20220728_140228-scaled.jpg\",\n  \"http:\/\/aahestia.com\/wp-content\/uploads\/2025\/09\/20220802_080227-scaled.jpg\",\n  \"http:\/\/aahestia.com\/wp-content\/uploads\/2025\/09\/20221011_113951-scaled.jpg\",\n  \"http:\/\/aahestia.com\/wp-content\/uploads\/2025\/09\/20221019_091229-scaled.jpg\",\n  \"http:\/\/aahestia.com\/wp-content\/uploads\/2025\/09\/20221216_141810-scaled.jpg\",\n  \"http:\/\/aahestia.com\/wp-content\/uploads\/2025\/09\/20230113_152820-scaled.jpg\",\n  \"http:\/\/aahestia.com\/wp-content\/uploads\/2025\/09\/20230312_163220-scaled.jpg\",\n  \"http:\/\/aahestia.com\/wp-content\/uploads\/2025\/09\/20230312_163120-scaled.jpg\",\n  \"http:\/\/aahestia.com\/wp-content\/uploads\/2025\/09\/20230312_163040-scaled.jpg\",\n  \"http:\/\/aahestia.com\/wp-content\/uploads\/2025\/09\/20230312_162753-scaled.jpg\",\n  \"http:\/\/aahestia.com\/wp-content\/uploads\/2025\/09\/20230312_162845-scaled.jpg\",\n  \"http:\/\/aahestia.com\/wp-content\/uploads\/2025\/09\/20230313_133800-scaled.jpg\",\n  \"http:\/\/aahestia.com\/wp-content\/uploads\/2025\/09\/20230312_162913-scaled.jpg\",\n  \"http:\/\/aahestia.com\/wp-content\/uploads\/2025\/09\/20230313_132903-scaled.jpg\",\n  \"http:\/\/aahestia.com\/wp-content\/uploads\/2025\/09\/20230312_174935-scaled.jpg\",\n  \"http:\/\/aahestia.com\/wp-content\/uploads\/2025\/09\/20230312_162952-scaled.jpg\",\n  \"http:\/\/aahestia.com\/wp-content\/uploads\/2025\/09\/20230313_133505-scaled.jpg\"\n  \n];\nlet indexActuel7=0;\nfunction ouvrirGalerie7(i){indexActuel7=i;document.getElementById(\"lightbox7\").style.display=\"block\";document.getElementById(\"imageLightbox7\").src=imagesGalerie7[indexActuel7];}\nfunction fermerGalerie7(){document.getElementById(\"lightbox7\").style.display=\"none\";}\nfunction changerImage7(d){indexActuel7+=d;if(indexActuel7<0)indexActuel7=imagesGalerie7.length-1;if(indexActuel7>=imagesGalerie7.length)indexActuel7=0;document.getElementById(\"imageLightbox7\").src=imagesGalerie7[indexActuel7];}\n\n<\/script>\n","protected":false},"excerpt":{"rendered":"<p>R\u00e9novation d&rsquo;une maison de ville en p\u00e9rim\u00e8tre prot\u00e9g\u00e9\u00e0 Lunel-Viel (34) Mission compl\u00e8teMO priv\u00e9Livraison 2023 &times;&#10094;&#10095; &times;&#10094;&#10095; &times;&#10094;&#10095; &times;&#10094;&#10095; &times;&#10094;&#10095; &times;&#10094;&#10095; &hellip; <a href=\"https:\/\/aahestia.com\/index.php\/projets-1\/projets-architecturaux\/logement-individuel\/\" class=\"more-link\">Continue reading <span class=\"screen-reader-text\">LOGEMENTS<\/span><\/a><\/p>\n","protected":false},"author":1,"featured_media":0,"parent":483,"menu_order":0,"comment_status":"closed","ping_status":"closed","template":"","meta":{"footnotes":""},"class_list":["post-315","page","type-page","status-publish","hentry"],"_links":{"self":[{"href":"https:\/\/aahestia.com\/index.php\/wp-json\/wp\/v2\/pages\/315","targetHints":{"allow":["GET"]}}],"collection":[{"href":"https:\/\/aahestia.com\/index.php\/wp-json\/wp\/v2\/pages"}],"about":[{"href":"https:\/\/aahestia.com\/index.php\/wp-json\/wp\/v2\/types\/page"}],"author":[{"embeddable":true,"href":"https:\/\/aahestia.com\/index.php\/wp-json\/wp\/v2\/users\/1"}],"replies":[{"embeddable":true,"href":"https:\/\/aahestia.com\/index.php\/wp-json\/wp\/v2\/comments?post=315"}],"version-history":[{"count":66,"href":"https:\/\/aahestia.com\/index.php\/wp-json\/wp\/v2\/pages\/315\/revisions"}],"predecessor-version":[{"id":678,"href":"https:\/\/aahestia.com\/index.php\/wp-json\/wp\/v2\/pages\/315\/revisions\/678"}],"up":[{"embeddable":true,"href":"https:\/\/aahestia.com\/index.php\/wp-json\/wp\/v2\/pages\/483"}],"wp:attachment":[{"href":"https:\/\/aahestia.com\/index.php\/wp-json\/wp\/v2\/media?parent=315"}],"curies":[{"name":"wp","href":"https:\/\/api.w.org\/{rel}","templated":true}]}}