{"id":2,"date":"2022-07-18T14:25:21","date_gmt":"2022-07-18T12:25:21","guid":{"rendered":"http:\/\/aahestia.com\/?page_id=2"},"modified":"2024-02-15T13:55:25","modified_gmt":"2024-02-15T12:55:25","slug":"page-d-exemple","status":"publish","type":"page","link":"https:\/\/aahestia.com\/","title":{"rendered":"PR\u00c9SENTATION"},"content":{"rendered":"\n<p class=\"has-medium-font-size\">Pour chacun, un projet personnalis\u00e9.<\/p>\n\n\n\n<p class=\"has-medium-font-size\">La normalisation et la standardisation sont totalement antinomiques \u00e0 la diversit\u00e9 existante. Le projet doit s&rsquo;adapter aux besoins particuliers de chacun, tout en respectant l&rsquo;environnement dans lequel il va s&rsquo;inscrire, en cr\u00e9ant du lien et par cons\u00e9quent du respect. <\/p>\n\n\n\n<p class=\"has-medium-font-size\">Le r\u00f4le de l&rsquo;architecte est de garantir le bien vivre des populations que se soit \u00e0 l&rsquo;\u00e9chelle d&rsquo;une ville, d&rsquo;un quartier ou d&rsquo;un logement. L&rsquo;Atelier d&rsquo;Architecture Hestia travaille donc avec cette volont\u00e9 de cr\u00e9er des espaces o\u00f9 la domesticit\u00e9 reprendrait toute sa signification afin de trouver une action juste \u00e0 une probl\u00e9matique donn\u00e9e. <\/p>\n\n\n\n<p class=\"has-medium-font-size\">Fond\u00e9 en 2013, l&rsquo;Atelier d&rsquo;Architecture Hestia construit avec vous des r\u00e9ponses sur mesure et vous propose ses comp\u00e9tences et ses conseils \u00e0 toutes les \u00e9tapes de la conception \u00e0 la r\u00e9alisation.<\/p>\n\n\n\n<p class=\"has-medium-font-size\">Particulier ou professionnel, l&rsquo;Atelier d&rsquo;Architecture Hestia met ses comp\u00e9tences \u00e0 votre service.<\/p>\n\n\n\n<p><\/p>\n\n\n\n<p><\/p>\n\n\n\n<p><\/p>\n","protected":false},"excerpt":{"rendered":"<p>Pour chacun, un projet personnalis\u00e9. La normalisation et la standardisation sont totalement antinomiques \u00e0 la diversit\u00e9 existante. Le projet doit &hellip; <a href=\"https:\/\/aahestia.com\/\" class=\"more-link\">Continue reading <span class=\"screen-reader-text\">PR\u00c9SENTATION<\/span><\/a><\/p>\n","protected":false},"author":1,"featured_media":0,"parent":0,"menu_order":0,"comment_status":"closed","ping_status":"open","template":"page-templates\/no-sidebar.php","meta":{"footnotes":""},"class_list":["post-2","page","type-page","status-publish","hentry"],"_links":{"self":[{"href":"https:\/\/aahestia.com\/index.php\/wp-json\/wp\/v2\/pages\/2","targetHints":{"allow":["GET"]}}],"collection":[{"href":"https:\/\/aahestia.com\/index.php\/wp-json\/wp\/v2\/pages"}],"about":[{"href":"https:\/\/aahestia.com\/index.php\/wp-json\/wp\/v2\/types\/page"}],"author":[{"embeddable":true,"href":"https:\/\/aahestia.com\/index.php\/wp-json\/wp\/v2\/users\/1"}],"replies":[{"embeddable":true,"href":"https:\/\/aahestia.com\/index.php\/wp-json\/wp\/v2\/comments?post=2"}],"version-history":[{"count":6,"href":"https:\/\/aahestia.com\/index.php\/wp-json\/wp\/v2\/pages\/2\/revisions"}],"predecessor-version":[{"id":225,"href":"https:\/\/aahestia.com\/index.php\/wp-json\/wp\/v2\/pages\/2\/revisions\/225"}],"wp:attachment":[{"href":"https:\/\/aahestia.com\/index.php\/wp-json\/wp\/v2\/media?parent=2"}],"curies":[{"name":"wp","href":"https:\/\/api.w.org\/{rel}","templated":true}]}}